{"id":401,"date":"2019-03-19T13:42:23","date_gmt":"2019-03-19T13:42:23","guid":{"rendered":"https:\/\/gesviavila.es\/index.php\/contact\/"},"modified":"2021-08-03T16:07:50","modified_gmt":"2021-08-03T16:07:50","slug":"contacto","status":"publish","type":"page","link":"https:\/\/gesviavila.es\/index.php\/contacto\/","title":{"rendered":"Contacto"},"content":{"rendered":"\t\t<div data-elementor-type=\"wp-post\" data-elementor-id=\"401\" class=\"elementor elementor-401\" data-elementor-settings=\"[]\">\n\t\t\t\t\t\t\t<div class=\"elementor-section-wrap\">\n\t\t\t\t\t\t\t<section class=\"elementor-section elementor-top-section elementor-element elementor-element-1e510346 elementor-section-boxed elementor-section-height-default elementor-section-height-default\" data-id=\"1e510346\" data-element_type=\"section\" data-settings=\"{&quot;background_background&quot;:&quot;gradient&quot;}\">\n\t\t\t\t\t\t<div class=\"elementor-container elementor-column-gap-default\">\n\t\t\t\t\t<div class=\"elementor-column elementor-col-100 elementor-top-column elementor-element elementor-element-54dcaf95\" data-id=\"54dcaf95\" data-element_type=\"column\">\n\t\t\t<div class=\"elementor-widget-wrap elementor-element-populated\">\n\t\t\t\t\t\t\t\t<div class=\"elementor-element elementor-element-2b6dc02 elementor-widget elementor-widget-heading\" data-id=\"2b6dc02\" data-element_type=\"widget\" data-widget_type=\"heading.default\">\n\t\t\t\t<div class=\"elementor-widget-container\">\n\t\t\t<h1 class=\"elementor-heading-title elementor-size-default\">Contacta con nosotros<\/h1>\t\t<\/div>\n\t\t\t\t<\/div>\n\t\t\t\t\t<\/div>\n\t\t<\/div>\n\t\t\t\t\t\t\t<\/div>\n\t\t<\/section>\n\t\t\t\t<section class=\"elementor-section elementor-top-section elementor-element elementor-element-7748ec6b elementor-section-boxed elementor-section-height-default elementor-section-height-default\" data-id=\"7748ec6b\" data-element_type=\"section\" data-settings=\"{&quot;background_background&quot;:&quot;classic&quot;}\">\n\t\t\t\t\t\t<div class=\"elementor-container elementor-column-gap-default\">\n\t\t\t\t\t<div class=\"elementor-column elementor-col-33 elementor-top-column elementor-element elementor-element-6c751262\" data-id=\"6c751262\" data-element_type=\"column\" data-settings=\"{&quot;background_background&quot;:&quot;classic&quot;}\">\n\t\t\t<div class=\"elementor-widget-wrap elementor-element-populated\">\n\t\t\t\t\t\t\t\t<div class=\"elementor-element elementor-element-5fac7a49 elementor-view-framed elementor-shape-circle elementor-position-top elementor-vertical-align-top elementor-widget elementor-widget-icon-box\" data-id=\"5fac7a49\" data-element_type=\"widget\" data-widget_type=\"icon-box.default\">\n\t\t\t\t<div class=\"elementor-widget-container\">\n\t\t\t\t\t<div class=\"elementor-icon-box-wrapper\">\n\t\t\t\t\t\t<div class=\"elementor-icon-box-icon\">\n\t\t\t\t<span class=\"elementor-icon elementor-animation-\" >\n\t\t\t\t<i aria-hidden=\"true\" class=\"fas fa-phone\"><\/i>\t\t\t\t<\/span>\n\t\t\t<\/div>\n\t\t\t\t\t\t<div class=\"elementor-icon-box-content\">\n\t\t\t\t<h3 class=\"elementor-icon-box-title\">\n\t\t\t\t\t<span  >\n\t\t\t\t\t\tLlamanos\t\t\t\t\t<\/span>\n\t\t\t\t<\/h3>\n\t\t\t\t\t\t\t<\/div>\n\t\t<\/div>\n\t\t\t\t<\/div>\n\t\t\t\t<\/div>\n\t\t\t\t<div class=\"elementor-element elementor-element-55b9d62d elementor-widget elementor-widget-heading\" data-id=\"55b9d62d\" data-element_type=\"widget\" data-widget_type=\"heading.default\">\n\t\t\t\t<div class=\"elementor-widget-container\">\n\t\t\t<h3 class=\"elementor-heading-title elementor-size-default\">920 224 749<\/h3>\t\t<\/div>\n\t\t\t\t<\/div>\n\t\t\t\t\t<\/div>\n\t\t<\/div>\n\t\t\t\t<div class=\"elementor-column elementor-col-33 elementor-top-column elementor-element elementor-element-34ca149\" data-id=\"34ca149\" data-element_type=\"column\" data-settings=\"{&quot;background_background&quot;:&quot;classic&quot;}\">\n\t\t\t<div class=\"elementor-widget-wrap elementor-element-populated\">\n\t\t\t\t\t\t\t\t<div class=\"elementor-element elementor-element-b25ffd1 elementor-view-framed elementor-shape-circle elementor-position-top elementor-vertical-align-top elementor-widget elementor-widget-icon-box\" data-id=\"b25ffd1\" data-element_type=\"widget\" data-widget_type=\"icon-box.default\">\n\t\t\t\t<div class=\"elementor-widget-container\">\n\t\t\t\t\t<div class=\"elementor-icon-box-wrapper\">\n\t\t\t\t\t\t<div class=\"elementor-icon-box-icon\">\n\t\t\t\t<span class=\"elementor-icon elementor-animation-\" >\n\t\t\t\t<i aria-hidden=\"true\" class=\"fas fa-envelope\"><\/i>\t\t\t\t<\/span>\n\t\t\t<\/div>\n\t\t\t\t\t\t<div class=\"elementor-icon-box-content\">\n\t\t\t\t<h3 class=\"elementor-icon-box-title\">\n\t\t\t\t\t<span  >\n\t\t\t\t\t\tEscribenos\t\t\t\t\t<\/span>\n\t\t\t\t<\/h3>\n\t\t\t\t\t\t\t<\/div>\n\t\t<\/div>\n\t\t\t\t<\/div>\n\t\t\t\t<\/div>\n\t\t\t\t<div class=\"elementor-element elementor-element-6620cbc elementor-widget elementor-widget-heading\" data-id=\"6620cbc\" data-element_type=\"widget\" data-widget_type=\"heading.default\">\n\t\t\t\t<div class=\"elementor-widget-container\">\n\t\t\t<h3 class=\"elementor-heading-title elementor-size-default\">administracion@gesviavila.es <\/h3>\t\t<\/div>\n\t\t\t\t<\/div>\n\t\t\t\t\t<\/div>\n\t\t<\/div>\n\t\t\t\t<div class=\"elementor-column elementor-col-33 elementor-top-column elementor-element elementor-element-9c186d5\" data-id=\"9c186d5\" data-element_type=\"column\" data-settings=\"{&quot;background_background&quot;:&quot;classic&quot;}\">\n\t\t\t<div class=\"elementor-widget-wrap elementor-element-populated\">\n\t\t\t\t\t\t\t\t<div class=\"elementor-element elementor-element-1fe1f83 elementor-view-framed elementor-shape-circle elementor-position-top elementor-vertical-align-top elementor-widget elementor-widget-icon-box\" data-id=\"1fe1f83\" data-element_type=\"widget\" data-widget_type=\"icon-box.default\">\n\t\t\t\t<div class=\"elementor-widget-container\">\n\t\t\t\t\t<div class=\"elementor-icon-box-wrapper\">\n\t\t\t\t\t\t<div class=\"elementor-icon-box-icon\">\n\t\t\t\t<span class=\"elementor-icon elementor-animation-\" >\n\t\t\t\t<i aria-hidden=\"true\" class=\"fas fa-map-marker-alt\"><\/i>\t\t\t\t<\/span>\n\t\t\t<\/div>\n\t\t\t\t\t\t<div class=\"elementor-icon-box-content\">\n\t\t\t\t<h3 class=\"elementor-icon-box-title\">\n\t\t\t\t\t<span  >\n\t\t\t\t\t\tEncuentranos\t\t\t\t\t<\/span>\n\t\t\t\t<\/h3>\n\t\t\t\t\t\t\t<\/div>\n\t\t<\/div>\n\t\t\t\t<\/div>\n\t\t\t\t<\/div>\n\t\t\t\t<div class=\"elementor-element elementor-element-a704be4 elementor-widget elementor-widget-heading\" data-id=\"a704be4\" data-element_type=\"widget\" data-widget_type=\"heading.default\">\n\t\t\t\t<div class=\"elementor-widget-container\">\n\t\t\t<h3 class=\"elementor-heading-title elementor-size-default\">Calle del R\u00edo Duero n\u00ba 116, 05004 \u00c1vila\n<\/h3>\t\t<\/div>\n\t\t\t\t<\/div>\n\t\t\t\t\t<\/div>\n\t\t<\/div>\n\t\t\t\t\t\t\t<\/div>\n\t\t<\/section>\n\t\t\t\t<section class=\"elementor-section elementor-top-section elementor-element elementor-element-9d4ca6a elementor-section-boxed elementor-section-height-default elementor-section-height-default\" data-id=\"9d4ca6a\" data-element_type=\"section\">\n\t\t\t\t\t\t<div class=\"elementor-container elementor-column-gap-default\">\n\t\t\t\t\t<div class=\"elementor-column elementor-col-50 elementor-top-column elementor-element elementor-element-65abd1c\" data-id=\"65abd1c\" data-element_type=\"column\">\n\t\t\t<div class=\"elementor-widget-wrap elementor-element-populated\">\n\t\t\t\t\t\t\t\t<div class=\"elementor-element elementor-element-4493604 elementor-widget elementor-widget-heading\" data-id=\"4493604\" data-element_type=\"widget\" data-widget_type=\"heading.default\">\n\t\t\t\t<div class=\"elementor-widget-container\">\n\t\t\t<h2 class=\"elementor-heading-title elementor-size-default\">Env\u00edanos un mensaje<\/h2>\t\t<\/div>\n\t\t\t\t<\/div>\n\t\t\t\t<div class=\"elementor-element elementor-element-d97a589 elementor-widget elementor-widget-shortcode\" data-id=\"d97a589\" data-element_type=\"widget\" data-widget_type=\"shortcode.default\">\n\t\t\t\t<div class=\"elementor-widget-container\">\n\t\t\t\t\t<div class=\"elementor-shortcode\"><div class=\"wpforms-container \" id=\"wpforms-31\"><form id=\"wpforms-form-31\" class=\"wpforms-validate wpforms-form\" data-formid=\"31\" method=\"post\" enctype=\"multipart\/form-data\" action=\"\/index.php\/wp-json\/wp\/v2\/pages\/401\" data-token=\"ba559b8e4f3efcbb8806079a354fc763\"><noscript class=\"wpforms-error-noscript\">Por favor, activa JavaScript en tu navegador para completar este formulario.<\/noscript><div class=\"wpforms-field-container\"><div id=\"wpforms-31-field_0-container\" class=\"wpforms-field wpforms-field-name\" data-field-id=\"0\"><label class=\"wpforms-field-label\" for=\"wpforms-31-field_0\">Nombre y apellidos <span class=\"wpforms-required-label\">*<\/span><\/label><input type=\"text\" id=\"wpforms-31-field_0\" class=\"wpforms-field-large wpforms-field-required\" name=\"wpforms[fields][0]\" required><\/div><div id=\"wpforms-31-field_1-container\" class=\"wpforms-field wpforms-field-email\" data-field-id=\"1\"><label class=\"wpforms-field-label\" for=\"wpforms-31-field_1\">Email <span class=\"wpforms-required-label\">*<\/span><\/label><input type=\"email\" id=\"wpforms-31-field_1\" class=\"wpforms-field-large wpforms-field-required\" name=\"wpforms[fields][1]\" required><\/div><div id=\"wpforms-31-field_4-container\" class=\"wpforms-field wpforms-field-number\" data-field-id=\"4\"><label class=\"wpforms-field-label\" for=\"wpforms-31-field_4\">Tel\u00e9fono<\/label><input type=\"number\" pattern=\"\\d*\" id=\"wpforms-31-field_4\" class=\"wpforms-field-large\" name=\"wpforms[fields][4]\" ><\/div><div id=\"wpforms-31-field_3-container\" class=\"wpforms-field wpforms-field-text\" data-field-id=\"3\"><label class=\"wpforms-field-label\" for=\"wpforms-31-field_3\">Asunto<\/label><input type=\"text\" id=\"wpforms-31-field_3\" class=\"wpforms-field-large\" name=\"wpforms[fields][3]\" ><\/div><div id=\"wpforms-31-field_2-container\" class=\"wpforms-field wpforms-field-textarea\" data-field-id=\"2\"><label class=\"wpforms-field-label\" for=\"wpforms-31-field_2\">Comentarios adicionales <span class=\"wpforms-required-label\">*<\/span><\/label><textarea id=\"wpforms-31-field_2\" class=\"wpforms-field-medium wpforms-field-required\" name=\"wpforms[fields][2]\" required><\/textarea><\/div><div id=\"wpforms-31-field_5-container\" class=\"wpforms-field wpforms-field-checkbox\" data-field-id=\"5\"><label class=\"wpforms-field-label\" for=\"wpforms-31-field_5\">Pol\u00edtica de Protecci\u00f3n de datos <span class=\"wpforms-required-label\">*<\/span><\/label><ul id=\"wpforms-31-field_5\" class=\"wpforms-field-required\"><li class=\"choice-1 depth-1\"><input type=\"checkbox\" id=\"wpforms-31-field_5_1\" name=\"wpforms[fields][5][]\" value=\"He leido y acepo la Pol\u00edtica de protecci\u00f3n de datos\" required ><label class=\"wpforms-field-label-inline\" for=\"wpforms-31-field_5_1\">He leido y acepo la Pol\u00edtica de protecci\u00f3n de datos<\/label><\/li><\/ul><div class=\"wpforms-field-description\">GesviAvila te informa de que la informaci\u00f3n que nos facilitas ser\u00e1 tratada por GesviAvila Asesores S.L. como responsables de la web, con el fin de tratar tus datos para atender su solicitud. Los datos no se ceder\u00e1n a terceros salvo en los casos en que exista una obligaci\u00f3n legal. La legitimaci\u00f3n se obtiene mediante el consentimiento por parte del interesado. Podr\u00e1s ejercer tus derechos de acceso, rectificaci\u00f3n, limitaci\u00f3n y suprimir los datos en privacidad@gesviavila.es, as\u00ed como el derecho de presentar una reclamaci\u00f3n ante la autoridad de control en agpd.es. Puedes conocer la informaci\u00f3n adicional en relaci\u00f3n a los datos personales en nuestra pol\u00edtica de privacidad.<\/div><\/div><\/div><div class=\"wpforms-field wpforms-field-hp\"><label for=\"wpforms-31-field-hp\" class=\"wpforms-field-label\">Phone<\/label><input type=\"text\" name=\"wpforms[hp]\" id=\"wpforms-31-field-hp\" class=\"wpforms-field-medium\"><\/div><div class=\"wpforms-submit-container\"><input type=\"hidden\" name=\"wpforms[id]\" value=\"31\"><input type=\"hidden\" name=\"wpforms[author]\" value=\"1\"><button type=\"submit\" name=\"wpforms[submit]\" id=\"wpforms-submit-31\" class=\"wpforms-submit\" data-alt-text=\"Enviando...\" data-submit-text=\"Enviar\" aria-live=\"assertive\" value=\"wpforms-submit\">Enviar<\/button><\/div><\/form><\/div>  <!-- .wpforms-container --><\/div>\n\t\t\t\t<\/div>\n\t\t\t\t<\/div>\n\t\t\t\t\t<\/div>\n\t\t<\/div>\n\t\t\t\t<div class=\"elementor-column elementor-col-50 elementor-top-column elementor-element elementor-element-017d9ff\" data-id=\"017d9ff\" data-element_type=\"column\">\n\t\t\t<div class=\"elementor-widget-wrap elementor-element-populated\">\n\t\t\t\t\t\t\t\t<div class=\"elementor-element elementor-element-3b2fd12 elementor-widget elementor-widget-heading\" data-id=\"3b2fd12\" data-element_type=\"widget\" data-widget_type=\"heading.default\">\n\t\t\t\t<div class=\"elementor-widget-container\">\n\t\t\t<h2 class=\"elementor-heading-title elementor-size-default\">Ven a visitarnos<\/h2>\t\t<\/div>\n\t\t\t\t<\/div>\n\t\t\t\t<div class=\"elementor-element elementor-element-4d2c4a3 elementor-widget elementor-widget-google_maps\" data-id=\"4d2c4a3\" data-element_type=\"widget\" data-widget_type=\"google_maps.default\">\n\t\t\t\t<div class=\"elementor-widget-container\">\n\t\t\t\t\t<div class=\"elementor-custom-embed\">\n\t\t\t<iframe frameborder=\"0\" scrolling=\"no\" marginheight=\"0\" marginwidth=\"0\"\n\t\t\t\t\tsrc=\"https:\/\/maps.google.com\/maps?q=Calle%20del%20R%C3%ADo%20Duero%20n%C2%BA%20116%2C%2005004%20%C3%81vila&#038;t=m&#038;z=14&#038;output=embed&#038;iwloc=near\"\n\t\t\t\t\ttitle=\"Calle del R\u00edo Duero n\u00ba 116, 05004 \u00c1vila\"\n\t\t\t\t\taria-label=\"Calle del R\u00edo Duero n\u00ba 116, 05004 \u00c1vila\"\n\t\t\t><\/iframe>\n\t\t<\/div>\n\t\t\t\t<\/div>\n\t\t\t\t<\/div>\n\t\t\t\t\t<\/div>\n\t\t<\/div>\n\t\t\t\t\t\t\t<\/div>\n\t\t<\/section>\n\t\t\t\t\t\t<\/div>\n\t\t\t\t\t<\/div>\n\t\t","protected":false},"excerpt":{"rendered":"<p>Contacta con nosotros Llamanos 920 224 749 Escribenos administracion@gesviavila.es Encuentranos Calle del R\u00edo Duero n\u00ba 116, 05004 \u00c1vila Env\u00edanos un mensaje Ven a visitarnos<\/p>\n","protected":false},"author":1,"featured_media":0,"parent":0,"menu_order":0,"comment_status":"closed","ping_status":"closed","template":"","meta":{"site-sidebar-layout":"no-sidebar","site-content-layout":"page-builder","ast-main-header-display":"","ast-hfb-above-header-display":"","ast-hfb-below-header-display":"","ast-hfb-mobile-header-display":"","site-post-title":"disabled","ast-breadcrumbs-content":"","ast-featured-img":"disabled","footer-sml-layout":"","theme-transparent-header-meta":"enabled","adv-header-id-meta":"","stick-header-meta":"","header-above-stick-meta":"","header-main-stick-meta":"","header-below-stick-meta":"","footnotes":""},"class_list":["post-401","page","type-page","status-publish","hentry"],"_links":{"self":[{"href":"https:\/\/gesviavila.es\/index.php\/wp-json\/wp\/v2\/pages\/401","targetHints":{"allow":["GET"]}}],"collection":[{"href":"https:\/\/gesviavila.es\/index.php\/wp-json\/wp\/v2\/pages"}],"about":[{"href":"https:\/\/gesviavila.es\/index.php\/wp-json\/wp\/v2\/types\/page"}],"author":[{"embeddable":true,"href":"https:\/\/gesviavila.es\/index.php\/wp-json\/wp\/v2\/users\/1"}],"replies":[{"embeddable":true,"href":"https:\/\/gesviavila.es\/index.php\/wp-json\/wp\/v2\/comments?post=401"}],"version-history":[{"count":7,"href":"https:\/\/gesviavila.es\/index.php\/wp-json\/wp\/v2\/pages\/401\/revisions"}],"predecessor-version":[{"id":25113,"href":"https:\/\/gesviavila.es\/index.php\/wp-json\/wp\/v2\/pages\/401\/revisions\/25113"}],"wp:attachment":[{"href":"https:\/\/gesviavila.es\/index.php\/wp-json\/wp\/v2\/media?parent=401"}],"curies":[{"name":"wp","href":"https:\/\/api.w.org\/{rel}","templated":true}]}}