{"id":25222,"date":"2021-08-04T08:39:26","date_gmt":"2021-08-04T08:39:26","guid":{"rendered":"https:\/\/gesviavila.es\/?page_id=25222"},"modified":"2021-08-04T08:41:19","modified_gmt":"2021-08-04T08:41:19","slug":"enlaces_","status":"publish","type":"page","link":"https:\/\/gesviavila.es\/index.php\/enlaces_\/","title":{"rendered":"Enlaces_"},"content":{"rendered":"\t\t<div data-elementor-type=\"wp-post\" data-elementor-id=\"25222\" class=\"elementor elementor-25222\" data-elementor-settings=\"[]\">\n\t\t\t\t\t\t\t<div class=\"elementor-section-wrap\">\n\t\t\t\t\t\t\t<section class=\"elementor-section elementor-top-section elementor-element elementor-element-9690a79 elementor-section-boxed elementor-section-height-default elementor-section-height-default\" data-id=\"9690a79\" data-element_type=\"section\" data-settings=\"{&quot;background_background&quot;:&quot;gradient&quot;}\">\n\t\t\t\t\t\t<div class=\"elementor-container elementor-column-gap-default\">\n\t\t\t\t\t<div class=\"elementor-column elementor-col-100 elementor-top-column elementor-element elementor-element-69d31e9\" data-id=\"69d31e9\" data-element_type=\"column\">\n\t\t\t<div class=\"elementor-widget-wrap elementor-element-populated\">\n\t\t\t\t\t\t\t\t<div class=\"elementor-element elementor-element-b3f3576 elementor-position-top elementor-vertical-align-top elementor-widget elementor-widget-image-box\" data-id=\"b3f3576\" data-element_type=\"widget\" data-widget_type=\"image-box.default\">\n\t\t\t\t<div class=\"elementor-widget-container\">\n\t\t\t<div class=\"elementor-image-box-wrapper\"><div class=\"elementor-image-box-content\"><h1 class=\"elementor-image-box-title\">Enlaces Relacionados<\/h1><\/div><\/div>\t\t<\/div>\n\t\t\t\t<\/div>\n\t\t\t\t\t<\/div>\n\t\t<\/div>\n\t\t\t\t\t\t\t<\/div>\n\t\t<\/section>\n\t\t\t\t<section class=\"elementor-section elementor-top-section elementor-element elementor-element-cde3c1e elementor-section-boxed elementor-section-height-default elementor-section-height-default\" data-id=\"cde3c1e\" data-element_type=\"section\">\n\t\t\t\t\t\t<div class=\"elementor-container elementor-column-gap-default\">\n\t\t\t\t\t<div class=\"elementor-column elementor-col-100 elementor-top-column elementor-element elementor-element-c4f9fe9\" data-id=\"c4f9fe9\" data-element_type=\"column\">\n\t\t\t<div class=\"elementor-widget-wrap\">\n\t\t\t\t\t\t\t\t\t<\/div>\n\t\t<\/div>\n\t\t\t\t\t\t\t<\/div>\n\t\t<\/section>\n\t\t\t\t<section class=\"elementor-section elementor-top-section elementor-element elementor-element-0ab310e elementor-section-boxed elementor-section-height-default elementor-section-height-default\" data-id=\"0ab310e\" data-element_type=\"section\">\n\t\t\t\t\t\t<div class=\"elementor-container elementor-column-gap-default\">\n\t\t\t\t\t<div class=\"elementor-column elementor-col-25 elementor-top-column elementor-element elementor-element-296df93\" data-id=\"296df93\" data-element_type=\"column\">\n\t\t\t<div class=\"elementor-widget-wrap elementor-element-populated\">\n\t\t\t\t\t\t\t\t<div class=\"elementor-element elementor-element-3acfe83 elementor-position-top elementor-vertical-align-top elementor-widget elementor-widget-image-box\" data-id=\"3acfe83\" data-element_type=\"widget\" data-widget_type=\"image-box.default\">\n\t\t\t\t<div class=\"elementor-widget-container\">\n\t\t\t<div class=\"elementor-image-box-wrapper\"><figure class=\"elementor-image-box-img\"><a href=\"https:\/\/www.aplifisa.com\/\"><img loading=\"lazy\" decoding=\"async\" width=\"2032\" height=\"465\" src=\"https:\/\/gesviavila.es\/wp-content\/uploads\/2021\/08\/Imagotipo.png\" class=\"attachment-full size-full\" alt=\"\" \/><\/a><\/figure><div class=\"elementor-image-box-content\"><h3 class=\"elementor-image-box-title\"><a href=\"https:\/\/www.aplifisa.com\/\">Aplifisa: Soluciones Inform\u00e1ticas<\/a><\/h3><\/div><\/div>\t\t<\/div>\n\t\t\t\t<\/div>\n\t\t\t\t\t<\/div>\n\t\t<\/div>\n\t\t\t\t<div class=\"elementor-column elementor-col-25 elementor-top-column elementor-element elementor-element-4e9688b\" data-id=\"4e9688b\" data-element_type=\"column\">\n\t\t\t<div class=\"elementor-widget-wrap elementor-element-populated\">\n\t\t\t\t\t\t\t\t<div class=\"elementor-element elementor-element-7fa8a61 elementor-position-top elementor-vertical-align-top elementor-widget elementor-widget-image-box\" data-id=\"7fa8a61\" data-element_type=\"widget\" data-widget_type=\"image-box.default\">\n\t\t\t\t<div class=\"elementor-widget-container\">\n\t\t\t<div class=\"elementor-image-box-wrapper\"><figure class=\"elementor-image-box-img\"><a href=\"http:\/\/www.aedae.com\/\"><img loading=\"lazy\" decoding=\"async\" width=\"200\" height=\"100\" src=\"https:\/\/gesviavila.es\/wp-content\/uploads\/2021\/08\/Aedae.jpeg\" class=\"attachment-full size-full\" alt=\"AEDAE\" \/><\/a><\/figure><div class=\"elementor-image-box-content\"><h3 class=\"elementor-image-box-title\"><a href=\"http:\/\/www.aedae.com\/\">Asociaci\u00f3n Europea de Asesores de Empresa<\/a><\/h3><\/div><\/div>\t\t<\/div>\n\t\t\t\t<\/div>\n\t\t\t\t\t<\/div>\n\t\t<\/div>\n\t\t\t\t<div class=\"elementor-column elementor-col-25 elementor-top-column elementor-element elementor-element-8c4e457\" data-id=\"8c4e457\" data-element_type=\"column\">\n\t\t\t<div class=\"elementor-widget-wrap elementor-element-populated\">\n\t\t\t\t\t\t\t\t<div class=\"elementor-element elementor-element-aac1f2b elementor-position-top elementor-vertical-align-top elementor-widget elementor-widget-image-box\" data-id=\"aac1f2b\" data-element_type=\"widget\" data-widget_type=\"image-box.default\">\n\t\t\t\t<div class=\"elementor-widget-container\">\n\t\t\t<div class=\"elementor-image-box-wrapper\"><figure class=\"elementor-image-box-img\"><a href=\"http:\/\/www.agenciatributaria.es\/AEAT.internet\/Inicio.shtml\"><img loading=\"lazy\" decoding=\"async\" width=\"2560\" height=\"1495\" src=\"https:\/\/gesviavila.es\/wp-content\/uploads\/2021\/08\/Agencia-Tributaria.png\" class=\"attachment-full size-full\" alt=\"\" \/><\/a><\/figure><div class=\"elementor-image-box-content\"><h3 class=\"elementor-image-box-title\"><a href=\"http:\/\/www.agenciatributaria.es\/AEAT.internet\/Inicio.shtml\">Agencia Tributaria<\/a><\/h3><\/div><\/div>\t\t<\/div>\n\t\t\t\t<\/div>\n\t\t\t\t\t<\/div>\n\t\t<\/div>\n\t\t\t\t<div class=\"elementor-column elementor-col-25 elementor-top-column elementor-element elementor-element-4a8a68d\" data-id=\"4a8a68d\" data-element_type=\"column\">\n\t\t\t<div class=\"elementor-widget-wrap elementor-element-populated\">\n\t\t\t\t\t\t\t\t<div class=\"elementor-element elementor-element-d877d47 elementor-position-top elementor-vertical-align-top elementor-widget elementor-widget-image-box\" data-id=\"d877d47\" data-element_type=\"widget\" data-widget_type=\"image-box.default\">\n\t\t\t\t<div class=\"elementor-widget-container\">\n\t\t\t<div class=\"elementor-image-box-wrapper\"><figure class=\"elementor-image-box-img\"><a href=\"http:\/\/www.seg-social.es\/\"><img loading=\"lazy\" decoding=\"async\" width=\"317\" height=\"159\" src=\"https:\/\/gesviavila.es\/wp-content\/uploads\/2021\/08\/TesoreriaGeneralSS.png\" class=\"attachment-full size-full\" alt=\"\" \/><\/a><\/figure><div class=\"elementor-image-box-content\"><h3 class=\"elementor-image-box-title\"><a href=\"http:\/\/www.seg-social.es\/\">Tesorer\u00eda General de la Seguridad Social<\/a><\/h3><\/div><\/div>\t\t<\/div>\n\t\t\t\t<\/div>\n\t\t\t\t\t<\/div>\n\t\t<\/div>\n\t\t\t\t\t\t\t<\/div>\n\t\t<\/section>\n\t\t\t\t<section class=\"elementor-section elementor-top-section elementor-element elementor-element-cef4161 elementor-section-boxed elementor-section-height-default elementor-section-height-default\" data-id=\"cef4161\" data-element_type=\"section\">\n\t\t\t\t\t\t<div class=\"elementor-container elementor-column-gap-default\">\n\t\t\t\t\t<div class=\"elementor-column elementor-col-25 elementor-top-column elementor-element elementor-element-c809123\" data-id=\"c809123\" data-element_type=\"column\">\n\t\t\t<div class=\"elementor-widget-wrap elementor-element-populated\">\n\t\t\t\t\t\t\t\t<div class=\"elementor-element elementor-element-8706b30 elementor-position-top elementor-vertical-align-top elementor-widget elementor-widget-image-box\" data-id=\"8706b30\" data-element_type=\"widget\" data-widget_type=\"image-box.default\">\n\t\t\t\t<div class=\"elementor-widget-container\">\n\t\t\t<div class=\"elementor-image-box-wrapper\"><figure class=\"elementor-image-box-img\"><a href=\"http:\/\/www.jcyl.es\/\/web\/jcyl\/Portada\/es\/Plantilla100Directorio\/1248366924958\/0\/1226327191886\/DirectorioPadre\"><img loading=\"lazy\" decoding=\"async\" width=\"104\" height=\"65\" src=\"https:\/\/gesviavila.es\/wp-content\/uploads\/2021\/08\/jcyl.jpeg\" class=\"attachment-full size-full\" alt=\"\" \/><\/a><\/figure><div class=\"elementor-image-box-content\"><h3 class=\"elementor-image-box-title\"><a href=\"http:\/\/www.jcyl.es\/\/web\/jcyl\/Portada\/es\/Plantilla100Directorio\/1248366924958\/0\/1226327191886\/DirectorioPadre\">Junta de Castilla y Le\u00f3n: Asesor\u00eda<\/a><\/h3><\/div><\/div>\t\t<\/div>\n\t\t\t\t<\/div>\n\t\t\t\t\t<\/div>\n\t\t<\/div>\n\t\t\t\t<div class=\"elementor-column elementor-col-25 elementor-top-column elementor-element elementor-element-3b5a28e\" data-id=\"3b5a28e\" data-element_type=\"column\">\n\t\t\t<div class=\"elementor-widget-wrap elementor-element-populated\">\n\t\t\t\t\t\t\t\t<div class=\"elementor-element elementor-element-a2c4283 elementor-position-top elementor-vertical-align-top elementor-widget elementor-widget-image-box\" data-id=\"a2c4283\" data-element_type=\"widget\" data-widget_type=\"image-box.default\">\n\t\t\t\t<div class=\"elementor-widget-container\">\n\t\t\t<div class=\"elementor-image-box-wrapper\"><figure class=\"elementor-image-box-img\"><a href=\"http:\/\/www.ideapublicidad.com\/\"><img loading=\"lazy\" decoding=\"async\" width=\"300\" height=\"168\" src=\"https:\/\/gesviavila.es\/wp-content\/uploads\/2021\/08\/grupo_idea_publicidad_logo_margen.png\" class=\"attachment-full size-full\" alt=\"\" \/><\/a><\/figure><div class=\"elementor-image-box-content\"><h3 class=\"elementor-image-box-title\"><a href=\"http:\/\/www.ideapublicidad.com\/\">Grupo Idea Publicidad<\/a><\/h3><\/div><\/div>\t\t<\/div>\n\t\t\t\t<\/div>\n\t\t\t\t\t<\/div>\n\t\t<\/div>\n\t\t\t\t<div class=\"elementor-column elementor-col-25 elementor-top-column elementor-element elementor-element-86bd463\" data-id=\"86bd463\" data-element_type=\"column\">\n\t\t\t<div class=\"elementor-widget-wrap elementor-element-populated\">\n\t\t\t\t\t\t\t\t<div class=\"elementor-element elementor-element-793574b elementor-position-top elementor-vertical-align-top elementor-widget elementor-widget-image-box\" data-id=\"793574b\" data-element_type=\"widget\" data-widget_type=\"image-box.default\">\n\t\t\t\t<div class=\"elementor-widget-container\">\n\t\t\t<div class=\"elementor-image-box-wrapper\"><figure class=\"elementor-image-box-img\"><a href=\"http:\/\/www.avila.es\/\"><img loading=\"lazy\" decoding=\"async\" width=\"524\" height=\"179\" src=\"https:\/\/gesviavila.es\/wp-content\/uploads\/2021\/08\/Avila-logo.gif\" class=\"attachment-full size-full\" alt=\"\" \/><\/a><\/figure><div class=\"elementor-image-box-content\"><h3 class=\"elementor-image-box-title\"><a href=\"http:\/\/www.avila.es\/\">Ayuntamiento de \u00c1vila<\/a><\/h3><\/div><\/div>\t\t<\/div>\n\t\t\t\t<\/div>\n\t\t\t\t\t<\/div>\n\t\t<\/div>\n\t\t\t\t<div class=\"elementor-column elementor-col-25 elementor-top-column elementor-element elementor-element-999f76c\" data-id=\"999f76c\" data-element_type=\"column\">\n\t\t\t<div class=\"elementor-widget-wrap elementor-element-populated\">\n\t\t\t\t\t\t\t\t<div class=\"elementor-element elementor-element-a8b96e9 elementor-position-top elementor-vertical-align-top elementor-widget elementor-widget-image-box\" data-id=\"a8b96e9\" data-element_type=\"widget\" data-widget_type=\"image-box.default\">\n\t\t\t\t<div class=\"elementor-widget-container\">\n\t\t\t<div class=\"elementor-image-box-wrapper\"><figure class=\"elementor-image-box-img\"><a href=\"http:\/\/www.sepe.es\/\"><img loading=\"lazy\" decoding=\"async\" width=\"652\" height=\"326\" src=\"https:\/\/gesviavila.es\/wp-content\/uploads\/2021\/08\/SEPE.jpeg\" class=\"attachment-full size-full\" alt=\"\" \/><\/a><\/figure><div class=\"elementor-image-box-content\"><h3 class=\"elementor-image-box-title\"><a href=\"http:\/\/www.sepe.es\/\">Servicio P\u00fablico de Empleo Estatal<\/a><\/h3><\/div><\/div>\t\t<\/div>\n\t\t\t\t<\/div>\n\t\t\t\t\t<\/div>\n\t\t<\/div>\n\t\t\t\t\t\t\t<\/div>\n\t\t<\/section>\n\t\t\t\t<section class=\"elementor-section elementor-top-section elementor-element elementor-element-fa4d99b elementor-section-boxed elementor-section-height-default elementor-section-height-default\" data-id=\"fa4d99b\" data-element_type=\"section\">\n\t\t\t\t\t\t<div class=\"elementor-container elementor-column-gap-default\">\n\t\t\t\t\t<div class=\"elementor-column elementor-col-20 elementor-top-column elementor-element elementor-element-360dca8\" data-id=\"360dca8\" data-element_type=\"column\">\n\t\t\t<div class=\"elementor-widget-wrap elementor-element-populated\">\n\t\t\t\t\t\t\t\t<div class=\"elementor-element elementor-element-4850050 elementor-position-top elementor-vertical-align-top elementor-widget elementor-widget-image-box\" data-id=\"4850050\" data-element_type=\"widget\" data-widget_type=\"image-box.default\">\n\t\t\t\t<div class=\"elementor-widget-container\">\n\t\t\t<div class=\"elementor-image-box-wrapper\"><figure class=\"elementor-image-box-img\"><a href=\"http:\/\/www.diputacionavila.es\/bop\/\"><img loading=\"lazy\" decoding=\"async\" width=\"300\" height=\"73\" src=\"https:\/\/gesviavila.es\/wp-content\/uploads\/2021\/08\/BOAvila.gif\" class=\"attachment-full size-full\" alt=\"\" \/><\/a><\/figure><div class=\"elementor-image-box-content\"><h3 class=\"elementor-image-box-title\"><a href=\"http:\/\/www.diputacionavila.es\/bop\/\">Bolet\u00edn oficial de \u00c1vila<\/a><\/h3><\/div><\/div>\t\t<\/div>\n\t\t\t\t<\/div>\n\t\t\t\t\t<\/div>\n\t\t<\/div>\n\t\t\t\t<div class=\"elementor-column elementor-col-20 elementor-top-column elementor-element elementor-element-5ebf364\" data-id=\"5ebf364\" data-element_type=\"column\">\n\t\t\t<div class=\"elementor-widget-wrap elementor-element-populated\">\n\t\t\t\t\t\t\t\t<div class=\"elementor-element elementor-element-2ba3227 elementor-position-top elementor-vertical-align-top elementor-widget elementor-widget-image-box\" data-id=\"2ba3227\" data-element_type=\"widget\" data-widget_type=\"image-box.default\">\n\t\t\t\t<div class=\"elementor-widget-container\">\n\t\t\t<div class=\"elementor-image-box-wrapper\"><figure class=\"elementor-image-box-img\"><a href=\"http:\/\/www.ine.es\/\"><img loading=\"lazy\" decoding=\"async\" width=\"326\" height=\"125\" src=\"https:\/\/gesviavila.es\/wp-content\/uploads\/2021\/08\/logoINESocial.png\" class=\"attachment-full size-full\" alt=\"\" \/><\/a><\/figure><div class=\"elementor-image-box-content\"><h3 class=\"elementor-image-box-title\"><a href=\"http:\/\/www.ine.es\/\">Instituto Nacional de Estad\u00edstica<\/a><\/h3><\/div><\/div>\t\t<\/div>\n\t\t\t\t<\/div>\n\t\t\t\t\t<\/div>\n\t\t<\/div>\n\t\t\t\t<div class=\"elementor-column elementor-col-20 elementor-top-column elementor-element elementor-element-ab93f9b\" data-id=\"ab93f9b\" data-element_type=\"column\">\n\t\t\t<div class=\"elementor-widget-wrap elementor-element-populated\">\n\t\t\t\t\t\t\t\t<div class=\"elementor-element elementor-element-ec5c14d elementor-position-top elementor-vertical-align-top elementor-widget elementor-widget-image-box\" data-id=\"ec5c14d\" data-element_type=\"widget\" data-widget_type=\"image-box.default\">\n\t\t\t\t<div class=\"elementor-widget-container\">\n\t\t\t<div class=\"elementor-image-box-wrapper\"><figure class=\"elementor-image-box-img\"><a href=\"http:\/\/www.navaluenga.net\"><img loading=\"lazy\" decoding=\"async\" width=\"512\" height=\"284\" src=\"https:\/\/gesviavila.es\/wp-content\/uploads\/2021\/08\/logo-negro.jpeg\" class=\"attachment-full size-full\" alt=\"\" \/><\/a><\/figure><div class=\"elementor-image-box-content\"><h3 class=\"elementor-image-box-title\"><a href=\"http:\/\/www.navaluenga.net\">Casas Rurales Navaluenga<\/a><\/h3><\/div><\/div>\t\t<\/div>\n\t\t\t\t<\/div>\n\t\t\t\t\t<\/div>\n\t\t<\/div>\n\t\t\t\t<div class=\"elementor-column elementor-col-20 elementor-top-column elementor-element elementor-element-67a13a4\" data-id=\"67a13a4\" data-element_type=\"column\">\n\t\t\t<div class=\"elementor-widget-wrap elementor-element-populated\">\n\t\t\t\t\t\t\t\t<div class=\"elementor-element elementor-element-9172a83 elementor-position-top elementor-vertical-align-top elementor-widget elementor-widget-image-box\" data-id=\"9172a83\" data-element_type=\"widget\" data-widget_type=\"image-box.default\">\n\t\t\t\t<div class=\"elementor-widget-container\">\n\t\t\t<div class=\"elementor-image-box-wrapper\"><figure class=\"elementor-image-box-img\"><a href=\"http:\/\/www.registradores.org\/\"><img loading=\"lazy\" decoding=\"async\" width=\"580\" height=\"245\" src=\"https:\/\/gesviavila.es\/wp-content\/uploads\/2021\/08\/Logo-Registradores.png\" class=\"attachment-full size-full\" alt=\"\" \/><\/a><\/figure><div class=\"elementor-image-box-content\"><h3 class=\"elementor-image-box-title\"><a href=\"http:\/\/www.registradores.org\/\">Registro Mercantil<\/a><\/h3><\/div><\/div>\t\t<\/div>\n\t\t\t\t<\/div>\n\t\t\t\t\t<\/div>\n\t\t<\/div>\n\t\t\t\t<div class=\"elementor-column elementor-col-20 elementor-top-column elementor-element elementor-element-3d2ac59\" data-id=\"3d2ac59\" data-element_type=\"column\">\n\t\t\t<div class=\"elementor-widget-wrap elementor-element-populated\">\n\t\t\t\t\t\t\t\t<div class=\"elementor-element elementor-element-f040ecb elementor-position-top elementor-vertical-align-top elementor-widget elementor-widget-image-box\" data-id=\"f040ecb\" data-element_type=\"widget\" data-widget_type=\"image-box.default\">\n\t\t\t\t<div class=\"elementor-widget-container\">\n\t\t\t<div class=\"elementor-image-box-wrapper\"><figure class=\"elementor-image-box-img\"><a href=\"http:\/\/notificaciones.060.es\/PC_init.action#\"><img loading=\"lazy\" decoding=\"async\" width=\"488\" height=\"64\" src=\"https:\/\/gesviavila.es\/wp-content\/uploads\/2021\/08\/cabeceraBig.png\" class=\"attachment-full size-full\" alt=\"\" \/><\/a><\/figure><div class=\"elementor-image-box-content\"><h3 class=\"elementor-image-box-title\"><a href=\"http:\/\/notificaciones.060.es\/PC_init.action#\">060 Direcci\u00f3n Electr\u00f3nica Habilitada<\/a><\/h3><\/div><\/div>\t\t<\/div>\n\t\t\t\t<\/div>\n\t\t\t\t\t<\/div>\n\t\t<\/div>\n\t\t\t\t\t\t\t<\/div>\n\t\t<\/section>\n\t\t\t\t\t\t<\/div>\n\t\t\t\t\t<\/div>\n\t\t","protected":false},"excerpt":{"rendered":"<p>Enlaces Relacionados Aplifisa: Soluciones Inform\u00e1ticas Asociaci\u00f3n Europea de Asesores de Empresa Agencia Tributaria Tesorer\u00eda General de la Seguridad Social Junta de Castilla y Le\u00f3n: Asesor\u00eda Grupo Idea Publicidad Ayuntamiento de \u00c1vila Servicio P\u00fablico de Empleo Estatal Bolet\u00edn oficial de \u00c1vila Instituto Nacional de Estad\u00edstica Casas Rurales Navaluenga Registro Mercantil 060 Direcci\u00f3n Electr\u00f3nica Habilitada<\/p>\n","protected":false},"author":1,"featured_media":0,"parent":0,"menu_order":0,"comment_status":"closed","ping_status":"closed","template":"","meta":{"site-sidebar-layout":"no-sidebar","site-content-layout":"page-builder","ast-main-header-display":"","ast-hfb-above-header-display":"","ast-hfb-below-header-display":"","ast-hfb-mobile-header-display":"","site-post-title":"disabled","ast-breadcrumbs-content":"","ast-featured-img":"disabled","footer-sml-layout":"","theme-transparent-header-meta":"enabled","adv-header-id-meta":"","stick-header-meta":"","header-above-stick-meta":"","header-main-stick-meta":"","header-below-stick-meta":"","footnotes":""},"class_list":["post-25222","page","type-page","status-publish","hentry"],"_links":{"self":[{"href":"https:\/\/gesviavila.es\/index.php\/wp-json\/wp\/v2\/pages\/25222","targetHints":{"allow":["GET"]}}],"collection":[{"href":"https:\/\/gesviavila.es\/index.php\/wp-json\/wp\/v2\/pages"}],"about":[{"href":"https:\/\/gesviavila.es\/index.php\/wp-json\/wp\/v2\/types\/page"}],"author":[{"embeddable":true,"href":"https:\/\/gesviavila.es\/index.php\/wp-json\/wp\/v2\/users\/1"}],"replies":[{"embeddable":true,"href":"https:\/\/gesviavila.es\/index.php\/wp-json\/wp\/v2\/comments?post=25222"}],"version-history":[{"count":3,"href":"https:\/\/gesviavila.es\/index.php\/wp-json\/wp\/v2\/pages\/25222\/revisions"}],"predecessor-version":[{"id":25225,"href":"https:\/\/gesviavila.es\/index.php\/wp-json\/wp\/v2\/pages\/25222\/revisions\/25225"}],"wp:attachment":[{"href":"https:\/\/gesviavila.es\/index.php\/wp-json\/wp\/v2\/media?parent=25222"}],"curies":[{"name":"wp","href":"https:\/\/api.w.org\/{rel}","templated":true}]}}