{"id":25206,"date":"2021-08-04T08:14:06","date_gmt":"2021-08-04T08:14:06","guid":{"rendered":"https:\/\/gesviavila.es\/?page_id=25206"},"modified":"2021-08-04T08:37:34","modified_gmt":"2021-08-04T08:37:34","slug":"servicios_","status":"publish","type":"page","link":"https:\/\/gesviavila.es\/index.php\/servicios_\/","title":{"rendered":"Servicios_"},"content":{"rendered":"\t\t<div data-elementor-type=\"wp-post\" data-elementor-id=\"25206\" class=\"elementor elementor-25206\" data-elementor-settings=\"[]\">\n\t\t\t\t\t\t\t<div class=\"elementor-section-wrap\">\n\t\t\t\t\t\t\t<section class=\"elementor-section elementor-top-section elementor-element elementor-element-9690a79 elementor-section-boxed elementor-section-height-default elementor-section-height-default\" data-id=\"9690a79\" data-element_type=\"section\" data-settings=\"{&quot;background_background&quot;:&quot;gradient&quot;}\">\n\t\t\t\t\t\t<div class=\"elementor-container elementor-column-gap-default\">\n\t\t\t\t\t<div class=\"elementor-column elementor-col-100 elementor-top-column elementor-element elementor-element-69d31e9\" data-id=\"69d31e9\" data-element_type=\"column\">\n\t\t\t<div class=\"elementor-widget-wrap elementor-element-populated\">\n\t\t\t\t\t\t\t\t<div class=\"elementor-element elementor-element-b3f3576 elementor-position-top elementor-vertical-align-top elementor-widget elementor-widget-image-box\" data-id=\"b3f3576\" data-element_type=\"widget\" data-widget_type=\"image-box.default\">\n\t\t\t\t<div class=\"elementor-widget-container\">\n\t\t\t<div class=\"elementor-image-box-wrapper\"><div class=\"elementor-image-box-content\"><h1 class=\"elementor-image-box-title\">Servicios<\/h1><\/div><\/div>\t\t<\/div>\n\t\t\t\t<\/div>\n\t\t\t\t\t<\/div>\n\t\t<\/div>\n\t\t\t\t\t\t\t<\/div>\n\t\t<\/section>\n\t\t\t\t<section class=\"elementor-section elementor-top-section elementor-element elementor-element-ffad564 elementor-section-boxed elementor-section-height-default elementor-section-height-default\" data-id=\"ffad564\" data-element_type=\"section\">\n\t\t\t\t\t\t<div class=\"elementor-container elementor-column-gap-default\">\n\t\t\t\t\t<div class=\"elementor-column elementor-col-100 elementor-top-column elementor-element elementor-element-afbe521\" data-id=\"afbe521\" data-element_type=\"column\">\n\t\t\t<div class=\"elementor-widget-wrap elementor-element-populated\">\n\t\t\t\t\t\t\t\t<div class=\"elementor-element elementor-element-70b0b44 elementor-widget elementor-widget-text-editor\" data-id=\"70b0b44\" data-element_type=\"widget\" data-widget_type=\"text-editor.default\">\n\t\t\t\t<div class=\"elementor-widget-container\">\n\t\t\t\t\t\t\t<p style=\"text-align: center;\" align=\"center\"><span style=\"font-size: 13.5pt; font-family: Times; color: black;\">Realizamos asesoramientos que mostramos mas detalladamente en cada divisi\u00f3n siguiente:<\/span><\/p>\t\t\t\t\t\t<\/div>\n\t\t\t\t<\/div>\n\t\t\t\t<div class=\"elementor-element elementor-element-14d5bf9 elementor-widget elementor-widget-accordion\" data-id=\"14d5bf9\" data-element_type=\"widget\" data-widget_type=\"accordion.default\">\n\t\t\t\t<div class=\"elementor-widget-container\">\n\t\t\t\t\t<div class=\"elementor-accordion\" role=\"tablist\">\n\t\t\t\t\t\t\t<div class=\"elementor-accordion-item\">\n\t\t\t\t\t<div id=\"elementor-tab-title-2181\" class=\"elementor-tab-title\" data-tab=\"1\" role=\"tab\" aria-controls=\"elementor-tab-content-2181\" aria-expanded=\"false\">\n\t\t\t\t\t\t\t\t\t\t\t\t\t<span class=\"elementor-accordion-icon elementor-accordion-icon-left\" aria-hidden=\"true\">\n\t\t\t\t\t\t\t\t\t\t\t\t\t\t\t<span class=\"elementor-accordion-icon-closed\"><i class=\"fas fa-plus\"><\/i><\/span>\n\t\t\t\t\t\t\t\t<span class=\"elementor-accordion-icon-opened\"><i class=\"fas fa-minus\"><\/i><\/span>\n\t\t\t\t\t\t\t\t\t\t\t\t\t\t<\/span>\n\t\t\t\t\t\t\t\t\t\t\t\t<a class=\"elementor-accordion-title\" href=\"\">Asesor\u00eda Contable<\/a>\n\t\t\t\t\t<\/div>\n\t\t\t\t\t<div id=\"elementor-tab-content-2181\" class=\"elementor-tab-content elementor-clearfix\" data-tab=\"1\" role=\"tabpanel\" aria-labelledby=\"elementor-tab-title-2181\"><p><img loading=\"lazy\" decoding=\"async\" class=\"alignright wp-image-25210\" src=\"https:\/\/gesviavila.es\/wp-content\/uploads\/2021\/08\/Asesoria_Contable-300x200.jpg\" alt=\"\" width=\"350\" height=\"233\" srcset=\"https:\/\/gesviavila.es\/wp-content\/uploads\/2021\/08\/Asesoria_Contable-300x200.jpg 300w, https:\/\/gesviavila.es\/wp-content\/uploads\/2021\/08\/Asesoria_Contable-768x512.jpg 768w, https:\/\/gesviavila.es\/wp-content\/uploads\/2021\/08\/Asesoria_Contable.jpg 1000w\" sizes=\"auto, (max-width: 350px) 100vw, 350px\" \/>Elaboraci\u00f3n de los Libros oficiales de Contabilidad<\/p><ul><li>Libro Registro de Ingresos y Gastos<\/li><li>Libro Registro de Bienes de Inversi\u00f3n<\/li><li>Libro de Socios o Accionistas<\/li><li>Libro de Actas<\/li><li>Libro Inventario y Cuentas Anuales<\/li><li>Libro Diario<\/li><\/ul><p>Contabilidades Atrasadas<\/p><p>Supervisi\u00f3n de los Estados Financieros y An\u00e1lisis Realizados<\/p><p>Legalizaci\u00f3n de los Libros Oficiales de Contabilidad.<\/p><p>Preparaci\u00f3n y Dep\u00f3sito de las Cuentas Anuales en el Registro Mercantil<\/p><ul><li>Cuentas Anuales<\/li><li>Balance de Situaci\u00f3n<\/li><li>Balance Sumas y Saldos<\/li><li>Cuenta de P\u00e9rdidas y Ganancias<\/li><li>ECPN<\/li><li>Estado de Flujos de Efectivo<\/li><li>Certificaci\u00f3n del Acuerdo de la Junta.<\/li><li>Memoria<\/li><\/ul><\/div>\n\t\t\t\t<\/div>\n\t\t\t\t\t\t\t<div class=\"elementor-accordion-item\">\n\t\t\t\t\t<div id=\"elementor-tab-title-2182\" class=\"elementor-tab-title\" data-tab=\"2\" role=\"tab\" aria-controls=\"elementor-tab-content-2182\" aria-expanded=\"false\">\n\t\t\t\t\t\t\t\t\t\t\t\t\t<span class=\"elementor-accordion-icon elementor-accordion-icon-left\" aria-hidden=\"true\">\n\t\t\t\t\t\t\t\t\t\t\t\t\t\t\t<span class=\"elementor-accordion-icon-closed\"><i class=\"fas fa-plus\"><\/i><\/span>\n\t\t\t\t\t\t\t\t<span class=\"elementor-accordion-icon-opened\"><i class=\"fas fa-minus\"><\/i><\/span>\n\t\t\t\t\t\t\t\t\t\t\t\t\t\t<\/span>\n\t\t\t\t\t\t\t\t\t\t\t\t<a class=\"elementor-accordion-title\" href=\"\">Asesor\u00eda Fiscal<\/a>\n\t\t\t\t\t<\/div>\n\t\t\t\t\t<div id=\"elementor-tab-content-2182\" class=\"elementor-tab-content elementor-clearfix\" data-tab=\"2\" role=\"tabpanel\" aria-labelledby=\"elementor-tab-title-2182\"><p><img loading=\"lazy\" decoding=\"async\" class=\"alignright wp-image-25212\" src=\"https:\/\/gesviavila.es\/wp-content\/uploads\/2021\/08\/Asesoria_Fiscal-300x200.jpg\" alt=\"\" width=\"350\" height=\"233\" srcset=\"https:\/\/gesviavila.es\/wp-content\/uploads\/2021\/08\/Asesoria_Fiscal-300x200.jpg 300w, https:\/\/gesviavila.es\/wp-content\/uploads\/2021\/08\/Asesoria_Fiscal-768x512.jpg 768w, https:\/\/gesviavila.es\/wp-content\/uploads\/2021\/08\/Asesoria_Fiscal.jpg 1000w\" sizes=\"auto, (max-width: 350px) 100vw, 350px\" \/>Impuesto sobre Sociedades<\/p><ul><li>Asesoramiento Fiscal en la Declaraci\u00f3n del Impuesto sobre Sociedades.<\/li><li>Optimizaci\u00f3n de Cr\u00e9ditos Fiscales.<\/li><li>Reg\u00edmenes Especiales.<\/li><li>Cierre de Ejercicio.<\/li><\/ul><p>Consolidaci\u00f3n fiscal<\/p><ul><li>Grupos de Sociedades.<\/li><li>Implantaci\u00f3n del R\u00e9gimen.<\/li><li>Asesoramiento Contable y Fiscal en la Declaraci\u00f3n.<\/li><\/ul><p>Fusiones y Adquisiciones<\/p><ul><li>Asesoramiento Fiscal Integral.<\/li><li>Planificaci\u00f3n de Operaciones Societarias de Reestructuraci\u00f3n (compras, fusiones..).<\/li><li>R\u00e9gimen Fiscal Especial del Impuesto de Sociedades.<\/li><\/ul><p>Impuesto sobre la Renta de las Personas F\u00edsicas.<\/p><ul><li>Planificaci\u00f3n Fiscal de la Renta Personal.<\/li><li>Retenciones, Retribuciones en Especie.<\/li><\/ul><p>Grandes Patrimonios y Empresa Familiar<\/p><ul><li>Planificaci\u00f3n Fiscal del Patrimonio Familiar.<\/li><li>Minimizaci\u00f3n del Coste Fiscal de los Dividendos.<\/li><\/ul><p>Impuesto de Sucesiones<\/p><ul><li>Planificaci\u00f3n de la Sucesi\u00f3n.<\/li><li>Exenciones y Bonificaciones del Impuesto.<\/li><\/ul><p>IVA, Impuestos Especiales y Aduanas<\/p><ul><li>Asesoramiento de Empresas de Comercio Internacional.<\/li><li>Importaciones y Exportaciones.<\/li><li>Dep\u00f3sitos Fiscales.<\/li><li>Operaciones Intracomunitarias.<\/li><li>Reg\u00edmenes Especiales No Establecidos.<\/li><li>Devoluciones de IVA.<\/li><li>Impuestos Especiales sobre la Fabricaci\u00f3n.<\/li><li>Inspecci\u00f3n de Aduanas.<\/li><\/ul><p>Impuesto sobre Transmisiones Patrimoniales y Actos Jur\u00eddicos Documentados<\/p><ul><li>Operaciones inmobiliarias.<\/li><li>Renuncia a la exenci\u00f3n de IVA.<\/li><\/ul><p>Procedimiento Tributario<\/p><ul><li>Inspecciones Tributarias.<\/li><li>Comprobaci\u00f3n y Recaudaci\u00f3n de los Distintos Tributos.<\/li><li>Recursos y Reclamaciones Econ\u00f3mico-Administrativas.<\/li><li>Procedimiento Recaudatorio.<\/li><\/ul><p>Tributaci\u00f3n de Comunidades Aut\u00f3nomas y Ayuntamientos<\/p><ul><li>Impuesto sobre Bienes Inmuebles.<\/li><li>Tasas, c\u00c1nones y Recargos Auton\u00f3micos.<\/li><li>Otros Impuestos.<\/li><\/ul><p>Fundaciones y Entidades sin fines lucrativos<\/p><ul><li>Incentivos Fiscales.<\/li><li>R\u00e9gimen Fiscal Especial del Impuesto sobre Sociedades.<\/li><li>Opci\u00f3n por el R\u00e9gimen.<\/li><li>Prorrata del IVA.<\/li><li>Gesti\u00f3n con la Administraci\u00f3n.<\/li><\/ul><\/div>\n\t\t\t\t<\/div>\n\t\t\t\t\t\t\t<div class=\"elementor-accordion-item\">\n\t\t\t\t\t<div id=\"elementor-tab-title-2183\" class=\"elementor-tab-title\" data-tab=\"3\" role=\"tab\" aria-controls=\"elementor-tab-content-2183\" aria-expanded=\"false\">\n\t\t\t\t\t\t\t\t\t\t\t\t\t<span class=\"elementor-accordion-icon elementor-accordion-icon-left\" aria-hidden=\"true\">\n\t\t\t\t\t\t\t\t\t\t\t\t\t\t\t<span class=\"elementor-accordion-icon-closed\"><i class=\"fas fa-plus\"><\/i><\/span>\n\t\t\t\t\t\t\t\t<span class=\"elementor-accordion-icon-opened\"><i class=\"fas fa-minus\"><\/i><\/span>\n\t\t\t\t\t\t\t\t\t\t\t\t\t\t<\/span>\n\t\t\t\t\t\t\t\t\t\t\t\t<a class=\"elementor-accordion-title\" href=\"\">Asesor\u00eda Laboral<\/a>\n\t\t\t\t\t<\/div>\n\t\t\t\t\t<div id=\"elementor-tab-content-2183\" class=\"elementor-tab-content elementor-clearfix\" data-tab=\"3\" role=\"tabpanel\" aria-labelledby=\"elementor-tab-title-2183\"><p><img loading=\"lazy\" decoding=\"async\" class=\"alignright wp-image-25217\" src=\"https:\/\/gesviavila.es\/wp-content\/uploads\/2021\/08\/image-from-rawpixel-id-560896-jpeg-300x200.jpg\" alt=\"\" width=\"350\" height=\"233\" srcset=\"https:\/\/gesviavila.es\/wp-content\/uploads\/2021\/08\/image-from-rawpixel-id-560896-jpeg-300x200.jpg 300w, https:\/\/gesviavila.es\/wp-content\/uploads\/2021\/08\/image-from-rawpixel-id-560896-jpeg-1024x683.jpg 1024w, https:\/\/gesviavila.es\/wp-content\/uploads\/2021\/08\/image-from-rawpixel-id-560896-jpeg-768x512.jpg 768w, https:\/\/gesviavila.es\/wp-content\/uploads\/2021\/08\/image-from-rawpixel-id-560896-jpeg.jpg 1200w\" sizes=\"auto, (max-width: 350px) 100vw, 350px\" \/>Preparaci\u00f3n de las N\u00f3minas de los Empleados del Cliente<\/p><p>Preparaci\u00f3n de Res\u00famenes Contables<\/p><p>Preparaci\u00f3n de los Certificados de Empresa Anuales para cada Trabajador<\/p><p>Mejor Opci\u00f3n Contractual a Realizar y Preparaci\u00f3n de los Contratos de Trabajo del Cliente con su Registro en INEM<\/p><p>Tramitaci\u00f3n de Altas y Bajas de los Empleados en la Tesoreria de la Seguridad Social<\/p><p>Preparaci\u00f3n de los Boletines de Cotizaci\u00f3n que la Compa\u00f1\u00eda debe presentar ante la Seguridad Social<\/p><p>Declaraciones Trimestrales de Ingreso de Retenciones e Ingresos a Cuenta Practicados a Empleados y Profesionales<\/p><p>Declaraci\u00f3n Resumen Anual de Retenciones e Ingresos a Cuenta de Impuesto sobre la Renta de las Personas F\u00edsicas<\/p><p>Tramitaci\u00f3n de la Creaci\u00f3n de Empresas ante la Seguridad Social<\/p><p>Confecci\u00f3n de una Segunda N\u00f3mina para Incorporaciones posteriores a un Cierre de Fechas que establece la Empresa<\/p><p>Procesos de Sanciones y Embargos<\/p><p>ERES<\/p><p>Despidos<\/p><p>Actos de Conciliaci\u00f3n<\/p><p>Documentaci\u00f3n<\/p><ul><li style=\"list-style-type: none;\"><ul><li>Calendario Laboral<\/li><li>Libro de Visitas<\/li><li>Actualizaci\u00f3n de Convenios Colectivos<\/li><\/ul><\/li><\/ul><\/div>\n\t\t\t\t<\/div>\n\t\t\t\t\t\t\t<div class=\"elementor-accordion-item\">\n\t\t\t\t\t<div id=\"elementor-tab-title-2184\" class=\"elementor-tab-title\" data-tab=\"4\" role=\"tab\" aria-controls=\"elementor-tab-content-2184\" aria-expanded=\"false\">\n\t\t\t\t\t\t\t\t\t\t\t\t\t<span class=\"elementor-accordion-icon elementor-accordion-icon-left\" aria-hidden=\"true\">\n\t\t\t\t\t\t\t\t\t\t\t\t\t\t\t<span class=\"elementor-accordion-icon-closed\"><i class=\"fas fa-plus\"><\/i><\/span>\n\t\t\t\t\t\t\t\t<span class=\"elementor-accordion-icon-opened\"><i class=\"fas fa-minus\"><\/i><\/span>\n\t\t\t\t\t\t\t\t\t\t\t\t\t\t<\/span>\n\t\t\t\t\t\t\t\t\t\t\t\t<a class=\"elementor-accordion-title\" href=\"\">Creaci\u00f3n de Sociedades<\/a>\n\t\t\t\t\t<\/div>\n\t\t\t\t\t<div id=\"elementor-tab-content-2184\" class=\"elementor-tab-content elementor-clearfix\" data-tab=\"4\" role=\"tabpanel\" aria-labelledby=\"elementor-tab-title-2184\"><p><img loading=\"lazy\" decoding=\"async\" class=\"alignright wp-image-25213\" src=\"https:\/\/gesviavila.es\/wp-content\/uploads\/2021\/08\/Asesoria_Laboral-300x206.jpg\" alt=\"\" width=\"350\" height=\"240\" srcset=\"https:\/\/gesviavila.es\/wp-content\/uploads\/2021\/08\/Asesoria_Laboral-300x206.jpg 300w, https:\/\/gesviavila.es\/wp-content\/uploads\/2021\/08\/Asesoria_Laboral-768x526.jpg 768w, https:\/\/gesviavila.es\/wp-content\/uploads\/2021\/08\/Asesoria_Laboral.jpg 1000w\" sizes=\"auto, (max-width: 350px) 100vw, 350px\" \/>Inscripci\u00f3n y Denominaci\u00f3n de Empresas en el Registro Mercantil.<\/p><p>Escrituras de Constituci\u00f3n de Empresas, Estatus y Poderes.<\/p><p>Liquidaciones de Impuestos de Transmisiones Patrimoniales.<\/p><p>Obtenci\u00f3n del n\u00famero de Identificaci\u00f3n Fiscal, Alta en Censos\u2026\u2026.<\/p><p>Inscripci\u00f3n de la Empresa TA 6.<\/p><p>Inscripci\u00f3n en la Seguridad Social como Auton\u00f3mo.<\/p><p>Alta de Trabajadores en la Seguridad Social.<\/p><p>Libro de Visitas.<\/p><p>Comunicado de Apertura de Empresas.<\/p><p>Solicitud de licencias de Ayuntamiento.<\/p><p>Fusiones y adquisiciones<\/p><p>Operaciones de Capital<\/p><p>Disoluci\u00f3n<\/p><p>Negociaci\u00f3n<\/p><\/div>\n\t\t\t\t<\/div>\n\t\t\t\t\t\t\t<div class=\"elementor-accordion-item\">\n\t\t\t\t\t<div id=\"elementor-tab-title-2185\" class=\"elementor-tab-title\" data-tab=\"5\" role=\"tab\" aria-controls=\"elementor-tab-content-2185\" aria-expanded=\"false\">\n\t\t\t\t\t\t\t\t\t\t\t\t\t<span class=\"elementor-accordion-icon elementor-accordion-icon-left\" aria-hidden=\"true\">\n\t\t\t\t\t\t\t\t\t\t\t\t\t\t\t<span class=\"elementor-accordion-icon-closed\"><i class=\"fas fa-plus\"><\/i><\/span>\n\t\t\t\t\t\t\t\t<span class=\"elementor-accordion-icon-opened\"><i class=\"fas fa-minus\"><\/i><\/span>\n\t\t\t\t\t\t\t\t\t\t\t\t\t\t<\/span>\n\t\t\t\t\t\t\t\t\t\t\t\t<a class=\"elementor-accordion-title\" href=\"\">Gesti\u00f3n de NEO en DEH<\/a>\n\t\t\t\t\t<\/div>\n\t\t\t\t\t<div id=\"elementor-tab-content-2185\" class=\"elementor-tab-content elementor-clearfix\" data-tab=\"5\" role=\"tabpanel\" aria-labelledby=\"elementor-tab-title-2185\"><p>Seguimiento de Notificaciones Electr\u00f3nicas Obligatorias.<\/p><p>\u00a0<\/p><\/div>\n\t\t\t\t<\/div>\n\t\t\t\t\t\t\t\t<\/div>\n\t\t\t\t<\/div>\n\t\t\t\t<\/div>\n\t\t\t\t\t<\/div>\n\t\t<\/div>\n\t\t\t\t\t\t\t<\/div>\n\t\t<\/section>\n\t\t\t\t\t\t<\/div>\n\t\t\t\t\t<\/div>\n\t\t","protected":false},"excerpt":{"rendered":"<p>Servicios Realizamos asesoramientos que mostramos mas detalladamente en cada divisi\u00f3n siguiente: Asesor\u00eda Contable Elaboraci\u00f3n de los Libros oficiales de Contabilidad Libro Registro de Ingresos y Gastos Libro Registro de Bienes de Inversi\u00f3n Libro de Socios o Accionistas Libro de Actas Libro Inventario y Cuentas Anuales Libro Diario Contabilidades Atrasadas Supervisi\u00f3n de los Estados Financieros y &hellip;<\/p>\n<p class=\"read-more\"> <a class=\"\" href=\"https:\/\/gesviavila.es\/index.php\/servicios_\/\"> <span class=\"screen-reader-text\">Servicios_<\/span> Leer m\u00e1s &raquo;<\/a><\/p>\n","protected":false},"author":1,"featured_media":0,"parent":0,"menu_order":0,"comment_status":"closed","ping_status":"closed","template":"","meta":{"site-sidebar-layout":"no-sidebar","site-content-layout":"page-builder","ast-main-header-display":"","ast-hfb-above-header-display":"","ast-hfb-below-header-display":"","ast-hfb-mobile-header-display":"","site-post-title":"disabled","ast-breadcrumbs-content":"","ast-featured-img":"disabled","footer-sml-layout":"","theme-transparent-header-meta":"enabled","adv-header-id-meta":"","stick-header-meta":"","header-above-stick-meta":"","header-main-stick-meta":"","header-below-stick-meta":"","footnotes":""},"class_list":["post-25206","page","type-page","status-publish","hentry"],"_links":{"self":[{"href":"https:\/\/gesviavila.es\/index.php\/wp-json\/wp\/v2\/pages\/25206","targetHints":{"allow":["GET"]}}],"collection":[{"href":"https:\/\/gesviavila.es\/index.php\/wp-json\/wp\/v2\/pages"}],"about":[{"href":"https:\/\/gesviavila.es\/index.php\/wp-json\/wp\/v2\/types\/page"}],"author":[{"embeddable":true,"href":"https:\/\/gesviavila.es\/index.php\/wp-json\/wp\/v2\/users\/1"}],"replies":[{"embeddable":true,"href":"https:\/\/gesviavila.es\/index.php\/wp-json\/wp\/v2\/comments?post=25206"}],"version-history":[{"count":9,"href":"https:\/\/gesviavila.es\/index.php\/wp-json\/wp\/v2\/pages\/25206\/revisions"}],"predecessor-version":[{"id":25220,"href":"https:\/\/gesviavila.es\/index.php\/wp-json\/wp\/v2\/pages\/25206\/revisions\/25220"}],"wp:attachment":[{"href":"https:\/\/gesviavila.es\/index.php\/wp-json\/wp\/v2\/media?parent=25206"}],"curies":[{"name":"wp","href":"https:\/\/api.w.org\/{rel}","templated":true}]}}